{"id":85,"date":"2022-10-30T02:31:18","date_gmt":"2022-10-30T02:31:18","guid":{"rendered":"http:\/\/www.jeric.in\/?page_id=85"},"modified":"2023-10-30T14:39:20","modified_gmt":"2023-10-30T14:39:20","slug":"predstavitev-podjetja","status":"publish","type":"page","link":"https:\/\/www.jeric.in\/?page_id=85","title":{"rendered":"Predstavitev podjetja"},"content":{"rendered":"\n<hr class=\"wp-block-separator has-alpha-channel-opacity is-style-wide\"\/>\n\n\n\n<p>Prvi za\u010detki ustanovitve podjetja segajo v leto 1996, ko sem se kot samostojna podjetnica za\u010dela ukvarjati s prodajo galvanskih aparatur in kemikalij za zlatarje. Paleta proizvodov se je iz leta v leto ve\u010dala in kmalu se je sede\u017e podjetja prestavil iz doma\u010dega naslova na Trnoveljsko cesto 2 v Celju, kjer smo se za\u010deli ukvarjati tudi s storitveno dejavnostjo (rafinacije in analize plemenitih kovin ter izdelava polizdelkov za zlatarje). Trenutno oskrbujemo zlatarje \u017ee s skoraj vsemi pripomo\u010dki in surovinami, ki jih potrebujejo pri svojem delu. Razen tega imamo na zalogi tudi briljante in cirkone. Galvaniziranje nakita smo v zadnjem \u010dasu omejili na barvno pozlato, ker je bilo za ostale vrste galvanskih nanosov (trda pozlata, rodiniranje&#8230;) premalo povpra\u0161evanja. Za dentalno industrijo zlatimo \u0161e mre\u017eice iz plemenitega jekla (to uslugo nudimo pri ve\u010djih koli\u010dinah).<\/p>\n\n\n\n<p>Uradne ure za stranke imamo ob ponedeljkih, sredah in \u010detrtkih med 10. in 14. uro, izven termina je mo\u017eno sre\u010danje po predhodnem dogovoru.<\/p>\n\n\n\n<p>Po najbolj\u0161ih mo\u010deh se trudimo izpolnjevati pri\u010dakovanja tudi najbolj zahtevnih naro\u010dnikov. Smo prilagodljivi, zanesljivi, dinami\u010dni, pripravljeni na nove izzive ter prisegamo na kvalitetno opravljeno delo.<\/p>\n\n\n\n<p>Podatki:<br>Mati\u010dna \u0161tevilka obrata: 1056115000<br>ID \u0161t. za DDV: SI31489508<br>TRR: SI56 6100 0001 3212 814 pri Delavski hranilnici<\/p>\n","protected":false},"excerpt":{"rendered":"<p>Prvi za\u010detki ustanovitve podjetja segajo v leto 1996, ko sem se kot samostojna podjetnica za\u010dela ukvarjati s prodajo galvanskih aparatur in kemikalij za zlatarje. Paleta proizvodov se je iz leta v leto ve\u010dala in kmalu se je sede\u017e podjetja prestavil iz doma\u010dega naslova na Trnoveljsko cesto 2 v Celju, kjer smo se za\u010deli ukvarjati tudi &hellip;<\/p>\n<p class=\"read-more\"> <a class=\"\" href=\"https:\/\/www.jeric.in\/?page_id=85\"> <span class=\"screen-reader-text\">Predstavitev podjetja<\/span> Read More &raquo;<\/a><\/p>\n","protected":false},"author":1,"featured_media":0,"parent":0,"menu_order":2,"comment_status":"closed","ping_status":"closed","template":"","meta":{"site-sidebar-layout":"default","site-content-layout":"default","ast-global-header-display":"","ast-main-header-display":"","ast-hfb-above-header-display":"","ast-hfb-below-header-display":"","ast-hfb-mobile-header-display":"","site-post-title":"","ast-breadcrumbs-content":"","ast-featured-img":"","footer-sml-layout":"","theme-transparent-header-meta":"","adv-header-id-meta":"","stick-header-meta":"","header-above-stick-meta":"","header-main-stick-meta":"","header-below-stick-meta":"","footnotes":""},"class_list":["post-85","page","type-page","status-publish","hentry"],"_links":{"self":[{"href":"https:\/\/www.jeric.in\/index.php?rest_route=\/wp\/v2\/pages\/85","targetHints":{"allow":["GET"]}}],"collection":[{"href":"https:\/\/www.jeric.in\/index.php?rest_route=\/wp\/v2\/pages"}],"about":[{"href":"https:\/\/www.jeric.in\/index.php?rest_route=\/wp\/v2\/types\/page"}],"author":[{"embeddable":true,"href":"https:\/\/www.jeric.in\/index.php?rest_route=\/wp\/v2\/users\/1"}],"replies":[{"embeddable":true,"href":"https:\/\/www.jeric.in\/index.php?rest_route=%2Fwp%2Fv2%2Fcomments&post=85"}],"version-history":[{"count":6,"href":"https:\/\/www.jeric.in\/index.php?rest_route=\/wp\/v2\/pages\/85\/revisions"}],"predecessor-version":[{"id":377,"href":"https:\/\/www.jeric.in\/index.php?rest_route=\/wp\/v2\/pages\/85\/revisions\/377"}],"wp:attachment":[{"href":"https:\/\/www.jeric.in\/index.php?rest_route=%2Fwp%2Fv2%2Fmedia&parent=85"}],"curies":[{"name":"wp","href":"https:\/\/api.w.org\/{rel}","templated":true}]}}