{"id":82,"date":"2022-10-30T02:23:52","date_gmt":"2022-10-30T02:23:52","guid":{"rendered":"http:\/\/www.jeric.in\/?page_id=82"},"modified":"2023-11-22T12:37:27","modified_gmt":"2023-11-22T12:37:27","slug":"investicijsko-zlato","status":"publish","type":"page","link":"https:\/\/www.jeric.in\/?page_id=82","title":{"rendered":"Investicijsko zlato"},"content":{"rendered":"\n<hr class=\"wp-block-separator has-alpha-channel-opacity is-style-wide\"\/>\n\n\n\n<p>Ker so za\u010deli ljudje zaradi varnosti nalo\u017ebe investirat v plemenite kovine, smo se pred leti odlo\u010dili, da na\u0161im kupcem poleg plemenitih kovin v granulah ponudimo tudi investicijsko zlato in srebro.<br><br>Vse na\u0161e palice investicijskega zlata so uvr\u0161\u010dene na tako imenovan &#8220;Good delivery list&#8221;, kar pomeni, da so proizvedene v kovnicah, ki ustrezajo strogim kriterijem zdru\u017eenja LBMA &#8211; London Bullion Market Association. Kovnice, ki so na &#8220;good delivery list&#8221; so zaupanja vredne in priporo\u010dene za nakup in prodajo njihovega zlata.<br><br>Razen same prodaje investicijskega zlata vam nudimo tudi mo\u017enost zamenjave z lomljenim ali rafiniranim zlatom.<br><br><strong>&nbsp;CENIK INVESTICIJSKEGA ZLATA IN SREBRA<br><br>&nbsp;I.<\/strong>&nbsp;<strong>NAKUP<\/strong><\/p>\n\n\n\n<p>Cene se oblikujejo glede na dnevno borzno ceno zlata oz. srebra.<\/p>\n\n\n\n<p>Na\u0161 prodajni program zajema zlate nalo\u017ebene palice kovnice Argor Heraeus SA iz \u0160vice slede\u010dih te\u017e: <br>1g \u2013 2g &#8211; 5g \u2013 10g &#8211; 20g \u2013&nbsp;31,1035g (un\u010da) &#8211;&nbsp;50g \u2013 100g \u2013 250g \u2013 500g<br>(ostale zlate nalo\u017ebene palice oz. kovance se da dobiti po predhodnem dogovoru).<\/p>\n\n\n\n<p><br><strong>II.<\/strong>&nbsp;<strong>ZAMENJAVA<br><br><\/strong><strong>1.&nbsp; MENJAVA S \u010cISTIM (RAFINIRANIM) ZLATOM:&nbsp;<\/strong>V tem primeru se obra\u010duna kalo 2% za zlate granule \u010distine 999,9\/<\/p>\n\n\n\n<figure id=\"table2\" class=\"wp-block-table is-style-stripes has-small-font-size\"><table class=\"has-black-color has-text-color has-background\" style=\"background-color:#e3e1e1\"><tbody><tr><td>1g<\/td><td>15<\/td><td>EUR<\/td><\/tr><tr><td>2g<\/td><td>18<\/td><td>EUR<\/td><\/tr><tr><td>5g<\/td><td>25<\/td><td>EUR<\/td><\/tr><tr><td>10g<\/td><td>35<\/td><td>EUR<\/td><\/tr><tr><td>20<\/td><td>40<\/td><td>EUR<\/td><\/tr><tr><td>31,1035g<\/td><td>45<\/td><td>EUR<\/td><\/tr><tr><td>50g<\/td><td>50<\/td><td>EUR<\/td><\/tr><tr><td>100g<\/td><td>60<\/td><td>EUR<\/td><\/tr><tr><td>250g<\/td><td>100<\/td><td>EUR<\/td><\/tr><tr><td>500g<\/td><td>150<\/td><td>EUR<\/td><\/tr><tr><td>1000g<\/td><td>250<\/td><td>EUR<\/td><\/tr><\/tbody><\/table><\/figure>\n\n\n\n<p><\/p>\n\n\n\n<p><strong>2.&nbsp; MENJAVA Z LOMLJENIM ZLATOM:&nbsp;<\/strong>V tem primeru se obra\u010duna \u0161e dodaten kalo 6% za menjavo lomljenega zlata ustrezne \u010distine v \u010disto zlato. Nadaljnji obra\u010dun je naveden pod to\u010dko 1.<br><br>PRIMER:&nbsp; Za dobavo 100g-ske zlate investicijske plo\u0161\u010dice potrebujete 187,48g loma \u010distine 585\/- in ob dopla\u010dilu 60EUR lahko dobite zlato investicijsko plo\u0161\u010dico.<br><br>Dobave investicijskega zlata so opro\u0161\u010dene pla\u010dila DDV (prva alineja 119. \u010dlena ZDDV-1, poglavje Posebna ureditev za investicijsko zlato).<br><\/p>\n","protected":false},"excerpt":{"rendered":"<p>Ker so za\u010deli ljudje zaradi varnosti nalo\u017ebe investirat v plemenite kovine, smo se pred leti odlo\u010dili, da na\u0161im kupcem poleg plemenitih kovin v granulah ponudimo tudi investicijsko zlato in srebro. Vse na\u0161e palice investicijskega zlata so uvr\u0161\u010dene na tako imenovan &#8220;Good delivery list&#8221;, kar pomeni, da so proizvedene v kovnicah, ki ustrezajo strogim kriterijem zdru\u017eenja &hellip;<\/p>\n<p class=\"read-more\"> <a class=\"\" href=\"https:\/\/www.jeric.in\/?page_id=82\"> <span class=\"screen-reader-text\">Investicijsko zlato<\/span> Read More &raquo;<\/a><\/p>\n","protected":false},"author":1,"featured_media":0,"parent":0,"menu_order":3,"comment_status":"closed","ping_status":"closed","template":"","meta":{"site-sidebar-layout":"default","site-content-layout":"default","ast-global-header-display":"","ast-main-header-display":"","ast-hfb-above-header-display":"","ast-hfb-below-header-display":"","ast-hfb-mobile-header-display":"","site-post-title":"","ast-breadcrumbs-content":"","ast-featured-img":"","footer-sml-layout":"","theme-transparent-header-meta":"","adv-header-id-meta":"","stick-header-meta":"","header-above-stick-meta":"","header-main-stick-meta":"","header-below-stick-meta":"","footnotes":""},"class_list":["post-82","page","type-page","status-publish","hentry"],"_links":{"self":[{"href":"https:\/\/www.jeric.in\/index.php?rest_route=\/wp\/v2\/pages\/82","targetHints":{"allow":["GET"]}}],"collection":[{"href":"https:\/\/www.jeric.in\/index.php?rest_route=\/wp\/v2\/pages"}],"about":[{"href":"https:\/\/www.jeric.in\/index.php?rest_route=\/wp\/v2\/types\/page"}],"author":[{"embeddable":true,"href":"https:\/\/www.jeric.in\/index.php?rest_route=\/wp\/v2\/users\/1"}],"replies":[{"embeddable":true,"href":"https:\/\/www.jeric.in\/index.php?rest_route=%2Fwp%2Fv2%2Fcomments&post=82"}],"version-history":[{"count":10,"href":"https:\/\/www.jeric.in\/index.php?rest_route=\/wp\/v2\/pages\/82\/revisions"}],"predecessor-version":[{"id":383,"href":"https:\/\/www.jeric.in\/index.php?rest_route=\/wp\/v2\/pages\/82\/revisions\/383"}],"wp:attachment":[{"href":"https:\/\/www.jeric.in\/index.php?rest_route=%2Fwp%2Fv2%2Fmedia&parent=82"}],"curies":[{"name":"wp","href":"https:\/\/api.w.org\/{rel}","templated":true}]}}