{"id":157,"date":"2022-10-31T05:45:24","date_gmt":"2022-10-31T05:45:24","guid":{"rendered":"http:\/\/www.jeric.in\/?page_id=157"},"modified":"2023-11-22T12:39:06","modified_gmt":"2023-11-22T12:39:06","slug":"kovine","status":"publish","type":"page","link":"https:\/\/www.jeric.in\/?page_id=157","title":{"rendered":"Kovine"},"content":{"rendered":"\n<hr class=\"wp-block-separator has-alpha-channel-opacity is-style-wide\"\/>\n\n\n\n<p>Smo eden najpomembnej\u0161ih slovenskih prodajalcev vseh kovin in zlitin za zlatarje v Sloveniji. Na\u0161 prodajni program zajema razen prodaje plemenitih kovin (zlato, srebro, platina) tudi prodajo bakra in razli\u010dnih predlegur, ki jih zlatarji potrebujejo pri pripravi posameznih zlitin (belo, rumeno in rde\u010de zlato).<\/p>\n\n\n\n<p>Zlato prodajamo v obliki granul, zlatih listi\u010dev in kosmi\u010dev (za aran\u017eiranje razli\u010dnih daril, predvsem za dodatek v jubilejne buteljke) ter tudi razli\u010dnih polizdelkov (palice, plo\u0161\u010de, loti&#8230;) &#8211; glej pod zavihkom storitve.<\/p>\n\n\n\n<p>ZLATO<\/p>\n\n\n\n<p>SREBRO<\/p>\n\n\n\n<p>PLATINA<\/p>\n\n\n\n<p>RODIJ<\/p>\n\n\n\n<p>PALADIJ<\/p>\n","protected":false},"excerpt":{"rendered":"<p>Smo eden najpomembnej\u0161ih slovenskih prodajalcev vseh kovin in zlitin za zlatarje v Sloveniji. Na\u0161 prodajni program zajema razen prodaje plemenitih kovin (zlato, srebro, platina) tudi prodajo bakra in razli\u010dnih predlegur, ki jih zlatarji potrebujejo pri pripravi posameznih zlitin (belo, rumeno in rde\u010de zlato). Zlato prodajamo v obliki granul, zlatih listi\u010dev in kosmi\u010dev (za aran\u017eiranje razli\u010dnih &hellip;<\/p>\n<p class=\"read-more\"> <a class=\"\" href=\"https:\/\/www.jeric.in\/?page_id=157\"> <span class=\"screen-reader-text\">Kovine<\/span> Read More &raquo;<\/a><\/p>\n","protected":false},"author":1,"featured_media":0,"parent":142,"menu_order":6,"comment_status":"closed","ping_status":"closed","template":"","meta":{"site-sidebar-layout":"default","site-content-layout":"default","ast-global-header-display":"","ast-main-header-display":"","ast-hfb-above-header-display":"","ast-hfb-below-header-display":"","ast-hfb-mobile-header-display":"","site-post-title":"","ast-breadcrumbs-content":"","ast-featured-img":"","footer-sml-layout":"","theme-transparent-header-meta":"","adv-header-id-meta":"","stick-header-meta":"","header-above-stick-meta":"","header-main-stick-meta":"","header-below-stick-meta":"","footnotes":""},"class_list":["post-157","page","type-page","status-publish","hentry"],"_links":{"self":[{"href":"https:\/\/www.jeric.in\/index.php?rest_route=\/wp\/v2\/pages\/157","targetHints":{"allow":["GET"]}}],"collection":[{"href":"https:\/\/www.jeric.in\/index.php?rest_route=\/wp\/v2\/pages"}],"about":[{"href":"https:\/\/www.jeric.in\/index.php?rest_route=\/wp\/v2\/types\/page"}],"author":[{"embeddable":true,"href":"https:\/\/www.jeric.in\/index.php?rest_route=\/wp\/v2\/users\/1"}],"replies":[{"embeddable":true,"href":"https:\/\/www.jeric.in\/index.php?rest_route=%2Fwp%2Fv2%2Fcomments&post=157"}],"version-history":[{"count":3,"href":"https:\/\/www.jeric.in\/index.php?rest_route=\/wp\/v2\/pages\/157\/revisions"}],"predecessor-version":[{"id":385,"href":"https:\/\/www.jeric.in\/index.php?rest_route=\/wp\/v2\/pages\/157\/revisions\/385"}],"up":[{"embeddable":true,"href":"https:\/\/www.jeric.in\/index.php?rest_route=\/wp\/v2\/pages\/142"}],"wp:attachment":[{"href":"https:\/\/www.jeric.in\/index.php?rest_route=%2Fwp%2Fv2%2Fmedia&parent=157"}],"curies":[{"name":"wp","href":"https:\/\/api.w.org\/{rel}","templated":true}]}}