{"id":155,"date":"2022-10-31T05:44:52","date_gmt":"2022-10-31T05:44:52","guid":{"rendered":"http:\/\/www.jeric.in\/?page_id=155"},"modified":"2024-02-05T14:34:12","modified_gmt":"2024-02-05T14:34:12","slug":"kemikalije","status":"publish","type":"page","link":"https:\/\/www.jeric.in\/?page_id=155","title":{"rendered":"Kemikalije"},"content":{"rendered":"\n<hr class=\"wp-block-separator has-alpha-channel-opacity is-style-wide\"\/>\n\n\n\n<p>V zlatarstvu se uporablja veliko kemikalij, ve\u010dino katerih imamo na zalogi, ostale pa lahko dobite po naro\u010dilu. Zaradi bolj\u0161e preglednosti so kemikalije razdeljene v dve skupini:<br>&#8211; kemikalije za galvaniziranje<br>&#8211; ostale kemikalije v zlatarstvu<\/p>\n\n\n\n<p>Vse kemikalije za galvaniziranje so od podjetja Heimerle + Meule GmbH iz Nem\u010dije, katerega zastopnik smo v Sloveniji. Podjetje Heimerle &amp; Meule GmbH&nbsp; je vodilno na podro\u010dju galvanskih kopeli iz plemenitih in neplemenitih kovin. S pomo\u010djo lastnega laboratorija in dolgoletnih izku\u0161enj lahko strankam ponudijo bogato paleto kemikalij tako za galvaniziranje kot za obdelavo pred in po galvaniziranju (elektrolitsko poliranje, razmastitev, za\u0161\u010dita pred oksidacijo&#8230;).<\/p>\n\n\n\n<p>Razen prodaje kemikalij pa vam na\u0161e podjetje nudi tudi prodajo naprav za galvaniziranje in uslugo galvaniziranja. Poskrbimo tudi za odstranjevanje izrabljenih kopeli.<\/p>\n\n\n\n<p>Kemikalije za galvanizanje, predobdelavo in naknadno obdelavo:<\/p>\n\n\n\n<p>&#8211;&nbsp; Kalijev dicianoaurat 68,2% &#8211; <a href=\"https:\/\/www.jeric.in\/wp-content\/uploads\/2023\/11\/VL_Kalijev_dicianoaurat_68_2_.pdf\" target=\"_blank\" rel=\"noreferrer noopener\">Varnostni list<\/a><\/p>\n\n\n\n<p>&#8211; Sol za elektrolitsko razmastitev A &#8211; <a href=\"https:\/\/www.jeric.in\/wp-content\/uploads\/2024\/02\/VL_Sol_za_razmastitev_A.pdf\" data-type=\"attachment\" data-id=\"433\" target=\"_blank\" rel=\"noreferrer noopener\">Varnostni list<\/a><br>&#8211;&nbsp; Koncentrat za barvno pozlato \u0161t. 200 &#8211; <a href=\"https:\/\/www.jeric.in\/wp-content\/uploads\/2024\/02\/VL_Koncentrat_za_barvno_pozlato_FG_200__10_g_Au_l_GB_H_M__V8_SDS_81_.en_.sl-1.pdf\" data-type=\"attachment\" data-id=\"437\" target=\"_blank\" rel=\"noreferrer noopener\">Varnostni list<\/a><br>&#8211;&nbsp; Rodijev koncentrat WhiteStar DIP (10g Rh\/l) &#8211; <a href=\"https:\/\/www.jeric.in\/wp-content\/uploads\/2024\/02\/VL_Rodijev_koncentrat_10g_Rh_L_Whitestar.pdf\" data-type=\"attachment\" data-id=\"434\" target=\"_blank\" rel=\"noreferrer noopener\">Var<\/a><a href=\"https:\/\/www.heimerle-meule.com\/fileadmin\/dateien-global\/02_Products\/Chemie___Geraete\/Galvanochemikalien\/Sicherheitsdatenblaetter\/englisch\/Rhodiumkonz._WhiteStar_R__DIP-C__10_g_Rh_l_GB_H_M__V7_SDS_431_.pdf\" target=\"_blank\" rel=\"noreferrer noopener\">nostni list<\/a><br>&#8211;&nbsp; Kopel za trdo pozlato \u0161t. 204 (3g\/l) &#8211; <a href=\"https:\/\/www.heimerle-meule.com\/fileadmin\/dateien-global\/02_Products\/Chemie___Geraete\/Galvanochemikalien\/Sicherheitsdatenblaetter\/englisch\/Gold_plating_bath_GP_204__3_g_Au_l_GB_H_M__V14_SDS_25_.pdf\" target=\"_blank\" rel=\"noreferrer noopener\">Varnostni list<\/a><br>&#8211;&nbsp; Kopel za trdo pozlato \u0161t. 204 (5g\/l) &#8211; <a href=\"https:\/\/www.heimerle-meule.com\/fileadmin\/dateien-global\/02_Products\/Chemie___Geraete\/Galvanochemikalien\/Sicherheitsdatenblaetter\/englisch\/Gold_plating_bath_GP_204__5_0g_Au_l_GB_H_M__V3_SDS_207_.pdf\" target=\"_blank\" rel=\"noreferrer noopener\">Varnostni list<\/a><br>&#8211;&nbsp; Kopel za trdo pozlato \u0161t. 204 (8g\/l) &#8211; <a href=\"https:\/\/www.heimerle-meule.com\/fileadmin\/dateien-global\/02_Products\/Chemie___Geraete\/Galvanochemikalien\/Sicherheitsdatenblaetter\/englisch\/Gold_plating_bath_GP_204__8_g_Au_l_GB_H_M__V15_SDS_87_.pdf\" target=\"_blank\" rel=\"noreferrer noopener\">Varnostni list<\/a><br>&#8211;&nbsp; Kopel za predpozlato VG 204 ( 2g Au\/l in 3 g Au\/l )- <a href=\"https:\/\/www.heimerle-meule.com\/fileadmin\/dateien-global\/02_Products\/Chemie___Geraete\/Galvanochemikalien\/Sicherheitsdatenblaetter\/englisch\/Pre-gold_plating_bath_VG_204___2g_Au_l_und_3_g_Au_l___GB_H_M__V16_SDS_7_.pdf\" target=\"_blank\" rel=\"noreferrer noopener\">Varnostni list<\/a><br>&#8211;&nbsp; Kopel za sijajno srebrenje SCANDIA 360 (36g Ag\/l) &#8211; <a href=\"https:\/\/www.jeric.in\/wp-content\/uploads\/2024\/02\/VL_Kopel_za_srebrenje_SCANDIA_360__36_g_Ag_L.pdf\" data-type=\"attachment\" data-id=\"436\" target=\"_blank\" rel=\"noreferrer noopener\">Varnostni list<\/a><br>&#8211;&nbsp; Kopel za kontaktno zlatenje 204-S, RUMENA (20-50g Au\/l) &#8211; <a href=\"https:\/\/www.heimerle-meule.com\/fileadmin\/dateien-global\/02_Products\/Chemie___Geraete\/Galvanochemikalien\/Sicherheitsdatenblaetter\/englisch\/Pen_gold_bath_204-S_yellow___20_-_50g_Au_l__GB_H_M__V11_SDS_105_.pdf\" target=\"_blank\" rel=\"noreferrer noopener\">Varnostni list<\/a><br>&#8211;&nbsp; Kopel za kontaktno zlatenje 204-S, ZELENA (9g Au\/l) &#8211; <a href=\"https:\/\/www.heimerle-meule.com\/fileadmin\/dateien-global\/02_Products\/Chemie___Geraete\/Galvanochemikalien\/Sicherheitsdatenblaetter\/englisch\/Pen_gold_bath_204-S_green___9g_Au_l_GB_H_M__V11_SDS_107_.pdf\" target=\"_blank\" rel=\"noreferrer noopener\">Varnostni list<\/a><br>&#8211;&nbsp; Kopel za kontaktno zlatenje 204-S, ROS\u00c9 (7.9 g Au\/l) &#8211; <a href=\"https:\/\/www.heimerle-meule.com\/fileadmin\/dateien-global\/02_Products\/Chemie___Geraete\/Galvanochemikalien\/Sicherheitsdatenblaetter\/englisch\/Pen_gold_bath_204-S_rose__7_9_g_Au_l_GB_H_M__V11_SDS_106_.pdf\" target=\"_blank\" rel=\"noreferrer noopener\">Varnostni list<\/a><br>&#8211;&nbsp; Kopel za kontaktno rodiniranje WhiteStar PEN (20 g Rh\/l) &#8211; <a href=\"https:\/\/www.heimerle-meule.com\/fileadmin\/dateien-global\/02_Products\/Chemie___Geraete\/Galvanochemikalien\/Sicherheitsdatenblaetter\/englisch\/Pen_rhodium_WhiteStar_R__PEN__20_g_Rh_l_GB_H_M__V12_SDS_421_.pdf\" target=\"_blank\" rel=\"noreferrer noopener\">Varnostni list<\/a><br>&#8211;&nbsp; Kopel za kontaktno srebrenje 360-S (100 g Ag\/l) &#8211; <a href=\"https:\/\/www.heimerle-meule.com\/fileadmin\/dateien-global\/02_Products\/Chemie___Geraete\/Galvanochemikalien\/Sicherheitsdatenblaetter\/englisch\/Pen_silver_bath_360-S__100_g_Ag_l_GB_H_M__V7_SDS_108_.pdf\" target=\"_blank\" rel=\"noreferrer noopener\">Varnostni list<\/a><br>&#8211;&nbsp; NOIRIT (teko\u010dina za po\u010drnitev srebrnih izdelkov) &#8211; <a href=\"https:\/\/www.jeric.in\/wp-content\/uploads\/2024\/02\/VL_Noirit.pdf\" data-type=\"attachment\" data-id=\"435\" target=\"_blank\" rel=\"noreferrer noopener\">Varnostni list<\/a><br><\/p>\n\n\n\n<p>Ker zlatarji pri svojem delu uporabljajo tudi druge kemikalije (razli\u010dna \u010distila, paste, preizkusne kisline, talilna sredstva), imamo tudi te ve\u010dinoma na zalogi ali pa jih dobavimo po naro\u010dilu. Ostale kemikalije so:<\/p>\n\n\n\n<p>&#8211;\u00a0 Teko\u010dina za ultrazvo\u010dno \u010di\u0161\u010denje nakita GERMAR SOL &#8211; <a href=\"https:\/\/www.jeric.in\/wp-content\/uploads\/2024\/02\/VL_Ger-mar_Sol.pdf\" data-type=\"attachment\" data-id=\"418\" target=\"_blank\" rel=\"noreferrer noopener\">Varnostni list<\/a><br>&#8211;\u00a0 SILBO &#8211; teko\u010dina za \u010di\u0161\u010denje zlatega nakita &#8211; <a href=\"https:\/\/www.jeric.in\/wp-content\/uploads\/2024\/02\/SILBO-zlato-ang.pdf\" data-type=\"attachment\" data-id=\"420\" target=\"_blank\" rel=\"noreferrer noopener\">Varnostni list<\/a><br>&#8211;\u00a0 SILBO &#8211; teko\u010dina za \u010di\u0161\u010denje srebrnega nakita &#8211; <a href=\"https:\/\/www.jeric.in\/wp-content\/uploads\/2024\/02\/SILBO-srebro-ang.pdf\" data-type=\"attachment\" data-id=\"419\" target=\"_blank\" rel=\"noreferrer noopener\">Varnostni list<\/a><br>&#8211;\u00a0 Preizkusna kislina za 8ct-no zlato &#8211; <a href=\"https:\/\/www.jeric.in\/wp-content\/uploads\/2024\/02\/VL_Preizkusna-kislina-8kt.pdf\" data-type=\"attachment\" data-id=\"422\" target=\"_blank\" rel=\"noreferrer noopener\">Varnostni list<\/a><br>&#8211;\u00a0 Preizkusna kislina za 14ct-no zlato &#8211; <a href=\"https:\/\/www.jeric.in\/wp-content\/uploads\/2024\/02\/VL_Preizkusna-kislina-14kt.pdf\" data-type=\"attachment\" data-id=\"423\" target=\"_blank\" rel=\"noreferrer noopener\">Varnostni list<\/a><br>&#8211;\u00a0 Preizkusna kislina za 18ct-no zlato &#8211;<a href=\"https:\/\/www.jeric.in\/wp-content\/uploads\/2024\/02\/VL_Preizkusna-kislina-18kt.pdf\" data-type=\"attachment\" data-id=\"424\" target=\"_blank\" rel=\"noreferrer noopener\"> Varnostni list<\/a><br>&#8211;\u00a0 Preizkusna kislina za 21,6ct-no zlato &#8211; <a href=\"https:\/\/www.jeric.in\/wp-content\/uploads\/2024\/02\/VL_Preizkusna-kislina-216kt.pdf\" data-type=\"attachment\" data-id=\"425\" target=\"_blank\" rel=\"noreferrer noopener\">Varnostni list<\/a><br>&#8211;\u00a0 Preizkusna kislina za srebro &#8211; V<a href=\"https:\/\/www.jeric.in\/wp-content\/uploads\/2024\/02\/VL_Preizkusna-kislina-za-srebro.pdf\" data-type=\"attachment\" data-id=\"426\" target=\"_blank\" rel=\"noreferrer noopener\">arnostni list<\/a><br>&#8211;\u00a0 Talilno sredstvo H &#8211; <a href=\"https:\/\/www.jeric.in\/wp-content\/uploads\/2024\/02\/VL_Talilno_sredstvo_H.doc\" data-type=\"attachment\" data-id=\"427\" target=\"_blank\" rel=\"noreferrer noopener\">Varnostni list<\/a><br>&#8211;\u00a0 Talilno sredstvo D <br>&#8211;\u00a0 Sredstvo za jedkanje VITREX <br>&#8211;\u00a0 Livarska masa EUROVEST &#8211; <a href=\"https:\/\/www.jeric.in\/wp-content\/uploads\/2024\/02\/VL_Anglesko_Livarska_masa.pdf\" data-type=\"attachment\" data-id=\"430\" target=\"_blank\" rel=\"noreferrer noopener\">Varnostni list<\/a><\/p>\n","protected":false},"excerpt":{"rendered":"<p>V zlatarstvu se uporablja veliko kemikalij, ve\u010dino katerih imamo na zalogi, ostale pa lahko dobite po naro\u010dilu. Zaradi bolj\u0161e preglednosti so kemikalije razdeljene v dve skupini:&#8211; kemikalije za galvaniziranje&#8211; ostale kemikalije v zlatarstvu Vse kemikalije za galvaniziranje so od podjetja Heimerle + Meule GmbH iz Nem\u010dije, katerega zastopnik smo v Sloveniji. Podjetje Heimerle &amp; Meule &hellip;<\/p>\n<p class=\"read-more\"> <a class=\"\" href=\"https:\/\/www.jeric.in\/?page_id=155\"> <span class=\"screen-reader-text\">Kemikalije<\/span> Read More &raquo;<\/a><\/p>\n","protected":false},"author":1,"featured_media":0,"parent":142,"menu_order":5,"comment_status":"closed","ping_status":"closed","template":"","meta":{"site-sidebar-layout":"default","site-content-layout":"default","ast-global-header-display":"","ast-main-header-display":"","ast-hfb-above-header-display":"","ast-hfb-below-header-display":"","ast-hfb-mobile-header-display":"","site-post-title":"","ast-breadcrumbs-content":"","ast-featured-img":"","footer-sml-layout":"","theme-transparent-header-meta":"","adv-header-id-meta":"","stick-header-meta":"","header-above-stick-meta":"","header-main-stick-meta":"","header-below-stick-meta":"","footnotes":""},"class_list":["post-155","page","type-page","status-publish","hentry"],"_links":{"self":[{"href":"https:\/\/www.jeric.in\/index.php?rest_route=\/wp\/v2\/pages\/155","targetHints":{"allow":["GET"]}}],"collection":[{"href":"https:\/\/www.jeric.in\/index.php?rest_route=\/wp\/v2\/pages"}],"about":[{"href":"https:\/\/www.jeric.in\/index.php?rest_route=\/wp\/v2\/types\/page"}],"author":[{"embeddable":true,"href":"https:\/\/www.jeric.in\/index.php?rest_route=\/wp\/v2\/users\/1"}],"replies":[{"embeddable":true,"href":"https:\/\/www.jeric.in\/index.php?rest_route=%2Fwp%2Fv2%2Fcomments&post=155"}],"version-history":[{"count":25,"href":"https:\/\/www.jeric.in\/index.php?rest_route=\/wp\/v2\/pages\/155\/revisions"}],"predecessor-version":[{"id":440,"href":"https:\/\/www.jeric.in\/index.php?rest_route=\/wp\/v2\/pages\/155\/revisions\/440"}],"up":[{"embeddable":true,"href":"https:\/\/www.jeric.in\/index.php?rest_route=\/wp\/v2\/pages\/142"}],"wp:attachment":[{"href":"https:\/\/www.jeric.in\/index.php?rest_route=%2Fwp%2Fv2%2Fmedia&parent=155"}],"curies":[{"name":"wp","href":"https:\/\/api.w.org\/{rel}","templated":true}]}}