{"id":151,"date":"2022-10-31T05:43:12","date_gmt":"2022-10-31T05:43:12","guid":{"rendered":"http:\/\/www.jeric.in\/?page_id=151"},"modified":"2023-11-22T12:58:11","modified_gmt":"2023-11-22T12:58:11","slug":"medicinski-uhani","status":"publish","type":"page","link":"https:\/\/www.jeric.in\/?page_id=151","title":{"rendered":"Medicinski uhani"},"content":{"rendered":"\n<hr class=\"wp-block-separator has-alpha-channel-opacity is-style-wide\"\/>\n\n\n\n<p>Na zalogi imamo bogat asortiman razli\u010dnih medicinskih uhanov z vsemi potrebnimi pripomo\u010dki za prediranje u\u0161es. Medicinski uhani so iz kirur\u0161kega jekla (brez vsebnosti niklja in ustrezajo vsem mednarodnim zakonom) in so sterilno pakirani v \u0161katle po 12 parov.<br><\/p>\n\n\n\n<figure id=\"table2\" class=\"wp-block-table is-style-stripes\"><table class=\"has-background\" style=\"background-color:#e7e7e7\"><tbody><tr><td><br><strong>MEDICINSKI&nbsp;<\/strong><strong>UHANI<br>&nbsp;<\/strong><\/td><td><strong>CENA<\/strong><\/td><\/tr><tr><td>Beli z bunkico<\/td><td>21,96 \u20ac<\/td><\/tr><tr><td>Beli z belimi kamni<\/td><td>25,62 \u20ac<\/td><\/tr><tr><td>Beli z barvnimi kamni<\/td><td>25,62 \u20ac<\/td><\/tr><tr><td>Beli s svetlo modrimi kamni<\/td><td>25,62 \u20ac<\/td><\/tr><tr><td>Beli razli\u010dnih oblik<\/td><td>25,62 \u20ac<\/td><\/tr><tr><td>Beli z roza kamni<\/td><td>25,62 \u20ac<\/td><\/tr><tr><td>Beli z biseri <\/td><td>25,62 \u20ac<\/td><\/tr><tr><td>Rumeni\u00a0 z bunkico<\/td><td>22,57 \u20ac<\/td><\/tr><tr><td>Rumeni z belimi kamni<\/td><td>26,23 \u20ac<\/td><\/tr><tr><td>Rumeni z barvnimi kamni<\/td><td>26,23 \u20ac<\/td><\/tr><tr><td>Rumeni s svetlo modrimi kamni<\/td><td>26,23 \u20ac<\/td><\/tr><tr><td>Rumeni&nbsp; razli\u010dnih oblik<\/td><td>26,23 \u20ac<\/td><\/tr><tr><td>Rumeni z roza kamni <\/td><td>26,23 \u20ac <\/td><\/tr><tr><td>Rumeni z biseri <\/td><td>26,23 \u20ac<\/td><\/tr><tr><td>MINI\u00a0 beli z bunkico<\/td><td>21,96 \u20ac<\/td><\/tr><tr><td>Mini beli z belimi kamni<\/td><td>25,62 \u20ac<\/td><\/tr><tr><td>MINI beli z barvnimi kamni<\/td><td>25,62 \u20ac<\/td><\/tr><tr><td>MINI rumeni z bunkico<\/td><td>22,57 \u20ac<\/td><\/tr><tr><td>MINI rumeni z belimi kamni<\/td><td>26,23 \u20ac<\/td><\/tr><tr><td>MINI rumeni z barvnim kamni<\/td><td>26,23 \u20ac<\/td><\/tr><\/tbody><\/table><\/figure>\n\n\n\n<p>Vse cene \u017ee vsebujejo DDV<\/p>\n","protected":false},"excerpt":{"rendered":"<p>Na zalogi imamo bogat asortiman razli\u010dnih medicinskih uhanov z vsemi potrebnimi pripomo\u010dki za prediranje u\u0161es. Medicinski uhani so iz kirur\u0161kega jekla (brez vsebnosti niklja in ustrezajo vsem mednarodnim zakonom) in so sterilno pakirani v \u0161katle po 12 parov. MEDICINSKI&nbsp;UHANI&nbsp; CENA Beli z bunkico 21,96 \u20ac Beli z belimi kamni 25,62 \u20ac Beli z barvnimi kamni &hellip;<\/p>\n<p class=\"read-more\"> <a class=\"\" href=\"https:\/\/www.jeric.in\/?page_id=151\"> <span class=\"screen-reader-text\">Medicinski uhani<\/span> Read More &raquo;<\/a><\/p>\n","protected":false},"author":1,"featured_media":0,"parent":142,"menu_order":3,"comment_status":"closed","ping_status":"closed","template":"","meta":{"site-sidebar-layout":"default","site-content-layout":"default","ast-global-header-display":"","ast-main-header-display":"","ast-hfb-above-header-display":"","ast-hfb-below-header-display":"","ast-hfb-mobile-header-display":"","site-post-title":"","ast-breadcrumbs-content":"","ast-featured-img":"","footer-sml-layout":"","theme-transparent-header-meta":"","adv-header-id-meta":"","stick-header-meta":"","header-above-stick-meta":"","header-main-stick-meta":"","header-below-stick-meta":"","footnotes":""},"class_list":["post-151","page","type-page","status-publish","hentry"],"_links":{"self":[{"href":"https:\/\/www.jeric.in\/index.php?rest_route=\/wp\/v2\/pages\/151","targetHints":{"allow":["GET"]}}],"collection":[{"href":"https:\/\/www.jeric.in\/index.php?rest_route=\/wp\/v2\/pages"}],"about":[{"href":"https:\/\/www.jeric.in\/index.php?rest_route=\/wp\/v2\/types\/page"}],"author":[{"embeddable":true,"href":"https:\/\/www.jeric.in\/index.php?rest_route=\/wp\/v2\/users\/1"}],"replies":[{"embeddable":true,"href":"https:\/\/www.jeric.in\/index.php?rest_route=%2Fwp%2Fv2%2Fcomments&post=151"}],"version-history":[{"count":5,"href":"https:\/\/www.jeric.in\/index.php?rest_route=\/wp\/v2\/pages\/151\/revisions"}],"predecessor-version":[{"id":389,"href":"https:\/\/www.jeric.in\/index.php?rest_route=\/wp\/v2\/pages\/151\/revisions\/389"}],"up":[{"embeddable":true,"href":"https:\/\/www.jeric.in\/index.php?rest_route=\/wp\/v2\/pages\/142"}],"wp:attachment":[{"href":"https:\/\/www.jeric.in\/index.php?rest_route=%2Fwp%2Fv2%2Fmedia&parent=151"}],"curies":[{"name":"wp","href":"https:\/\/api.w.org\/{rel}","templated":true}]}}