{"id":142,"date":"2022-10-31T05:33:23","date_gmt":"2022-10-31T05:33:23","guid":{"rendered":"http:\/\/www.jeric.in\/?page_id=142"},"modified":"2022-11-02T08:36:52","modified_gmt":"2022-11-02T08:36:52","slug":"prodajni-program","status":"publish","type":"page","link":"https:\/\/www.jeric.in\/?page_id=142","title":{"rendered":"PRODAJNI PROGRAM"},"content":{"rendered":"\n<hr class=\"wp-block-separator has-alpha-channel-opacity is-style-wide\"\/>\n\n\n\n<p><strong><a href=\"https:\/\/www.jeric.in\/?page_id=147\" data-type=\"URL\" data-id=\"https:\/\/www.jeric.in\/?page_id=147\">Naprave in orodja za zlatarje<\/a><\/strong><\/p>\n\n\n\n<p>Smo zastopniki za nem\u0161ko podjetje J-Schmalz.<br>Pri nas lahko naro\u010dite katerikoli izdelek iz&nbsp; njihovega kataloga.&nbsp;Po naro\u010dilu vam lahko dobavimo tudi zlatarska orodja in naprave ostalih dobaviteljev iz Nem\u010dije in Italije.<\/p>\n\n\n\n<p><strong><a href=\"https:\/\/www.jeric.in\/?page_id=149\" data-type=\"URL\" data-id=\"https:\/\/www.jeric.in\/?page_id=149\">Briljanti<\/a><\/strong><\/p>\n\n\n\n<p>Briljant je izraz za obliko brusa, ki omogo\u010da, da pridejo posamezne opti\u010dne lastnosti diamanta \u010dim bolj do izraza. Ima 57 ploskvic &#8211; faset, na katerih se svetloba lomi in ustvarja ogenj diamanta.<\/p>\n\n\n\n<p><strong><a href=\"https:\/\/www.jeric.in\/?page_id=151\" data-type=\"URL\" data-id=\"https:\/\/www.jeric.in\/?page_id=151\">Medicinski uhani<\/a><\/strong><\/p>\n\n\n\n<p>Na zalogi imamo bogat asortiman razli\u010dnih medicinskih uhanov z vsemi potrebnimi pripomo\u010dki za prediranje u\u0161es. Medicinski uhani so iz kirur\u0161kega jekla (brez vsebnosti niklja in ustrezajo vsem mednarodnim zakonom) in so sterilno pakirani v \u0161katle po 12 parov.<\/p>\n\n\n\n<p><strong><a href=\"https:\/\/www.jeric.in\/?page_id=153\" data-type=\"URL\" data-id=\"https:\/\/www.jeric.in\/?page_id=153\">Sinteti\u010dni in umetni kamni<\/a><\/strong><\/p>\n\n\n\n<p>Ker so nekateri dragulji zelo dragi in redki, so si ljudje od nekdaj prizadevali izdelati cenej\u0161e nadomestke podobnega videza in sijaja. In ker je \u010dlovek ustvarjalno bitje, je posku\u0161al tudi sam ustvarjati kamne in tako izdelal umetne, sestavljene in umetno obdelane kamne najrazli\u010dnej\u0161ih barv in odsevov.<\/p>\n\n\n\n<p><strong><a href=\"https:\/\/www.jeric.in\/?page_id=155\" data-type=\"URL\" data-id=\"https:\/\/www.jeric.in\/?page_id=155\">Kemikalije<\/a><\/strong><\/p>\n\n\n\n<p>V zlatarstvu se uporablja veliko kemikalij, ve\u010dino katerih imamo na zalogi, ostale pa lahko dobite po naro\u010dilu. Zaradi bolj\u0161e preglednosti so kemikalije razdeljene v dve skupini: kemikalije za galvaniziranje in ostale kemikalije v zlatarstvu.<\/p>\n\n\n\n<p><strong><a href=\"https:\/\/www.jeric.in\/?page_id=157\" data-type=\"URL\" data-id=\"https:\/\/www.jeric.in\/?page_id=157\">Kovine<\/a><\/strong><\/p>\n\n\n\n<p>Smo eden najpomembnej\u0161ih slovenskih prodajalcev vseh kovin in zlitin za zlatarje v Sloveniji. Na\u0161 prodajni program zajema razen prodaje plemenitih kovin tudi prodajo bakra in razli\u010dnih predlegur, ki jih zlatarji potrebujejo pri pripravi posameznih zlitin.<\/p>\n","protected":false},"excerpt":{"rendered":"<p>Naprave in orodja za zlatarje Smo zastopniki za nem\u0161ko podjetje J-Schmalz.Pri nas lahko naro\u010dite katerikoli izdelek iz&nbsp; njihovega kataloga.&nbsp;Po naro\u010dilu vam lahko dobavimo tudi zlatarska orodja in naprave ostalih dobaviteljev iz Nem\u010dije in Italije. Briljanti Briljant je izraz za obliko brusa, ki omogo\u010da, da pridejo posamezne opti\u010dne lastnosti diamanta \u010dim bolj do izraza. Ima 57 &hellip;<\/p>\n<p class=\"read-more\"> <a class=\"\" href=\"https:\/\/www.jeric.in\/?page_id=142\"> <span class=\"screen-reader-text\">PRODAJNI PROGRAM<\/span> Read More &raquo;<\/a><\/p>\n","protected":false},"author":1,"featured_media":0,"parent":0,"menu_order":4,"comment_status":"closed","ping_status":"closed","template":"","meta":{"site-sidebar-layout":"default","site-content-layout":"default","ast-global-header-display":"","ast-main-header-display":"","ast-hfb-above-header-display":"","ast-hfb-below-header-display":"","ast-hfb-mobile-header-display":"","site-post-title":"","ast-breadcrumbs-content":"","ast-featured-img":"","footer-sml-layout":"","theme-transparent-header-meta":"","adv-header-id-meta":"","stick-header-meta":"","header-above-stick-meta":"","header-main-stick-meta":"","header-below-stick-meta":"","footnotes":""},"class_list":["post-142","page","type-page","status-publish","hentry"],"_links":{"self":[{"href":"https:\/\/www.jeric.in\/index.php?rest_route=\/wp\/v2\/pages\/142","targetHints":{"allow":["GET"]}}],"collection":[{"href":"https:\/\/www.jeric.in\/index.php?rest_route=\/wp\/v2\/pages"}],"about":[{"href":"https:\/\/www.jeric.in\/index.php?rest_route=\/wp\/v2\/types\/page"}],"author":[{"embeddable":true,"href":"https:\/\/www.jeric.in\/index.php?rest_route=\/wp\/v2\/users\/1"}],"replies":[{"embeddable":true,"href":"https:\/\/www.jeric.in\/index.php?rest_route=%2Fwp%2Fv2%2Fcomments&post=142"}],"version-history":[{"count":11,"href":"https:\/\/www.jeric.in\/index.php?rest_route=\/wp\/v2\/pages\/142\/revisions"}],"predecessor-version":[{"id":326,"href":"https:\/\/www.jeric.in\/index.php?rest_route=\/wp\/v2\/pages\/142\/revisions\/326"}],"wp:attachment":[{"href":"https:\/\/www.jeric.in\/index.php?rest_route=%2Fwp%2Fv2%2Fmedia&parent=142"}],"curies":[{"name":"wp","href":"https:\/\/api.w.org\/{rel}","templated":true}]}}